{"id":34430,"date":"2023-10-05T10:53:38","date_gmt":"2023-10-05T08:53:38","guid":{"rendered":"https:\/\/leadpeak.me\/imprint\/"},"modified":"2025-04-16T10:46:11","modified_gmt":"2025-04-16T08:46:11","slug":"imprint","status":"publish","type":"page","link":"https:\/\/leadpeak.me\/en\/imprint\/","title":{"rendered":"Imprint"},"content":{"rendered":"\t\t<div data-elementor-type=\"wp-page\" data-elementor-id=\"34430\" class=\"elementor elementor-34430 elementor-28\" data-elementor-post-type=\"page\">\n\t\t\t\t<div class=\"elementor-element elementor-element-195269f e-flex e-con-boxed e-con e-parent\" data-id=\"195269f\" data-element_type=\"container\">\n\t\t\t\t\t<div class=\"e-con-inner\">\n\t\t\t\t\t<\/div>\n\t\t\t\t<\/div>\n\t\t<div class=\"elementor-element elementor-element-3a873b7 e-flex e-con-boxed e-con e-parent\" data-id=\"3a873b7\" data-element_type=\"container\">\n\t\t\t\t\t<div class=\"e-con-inner\">\n\t\t\t\t<div class=\"elementor-element elementor-element-0def47b elementor-widget elementor-widget-html\" data-id=\"0def47b\" data-element_type=\"widget\" data-widget_type=\"html.default\">\n\t\t\t\t\t<h1>Imprint<\/h1>\n\n<p>Leadpeak GmbH<br> Magdalene-Schoch-Stra\u00dfe 5<br> 97074 W\u00fcrzburg<\/p>\n\n<p>Commercial register: HRB 13675<br> Register court: W\u00fcrzburg Local Court<\/p>\n\n<p><strong>Represented by:<\/strong><br> Reemt Windmann, Norma Jeising<\/p>\n\n<h2>Contact us<\/h2>\n<p>Phone: +49 931 80 99 88 99<br> E-mail: info@leadpeak.me<\/p>\n\n<h2>Sales tax ID<\/h2>\n<p>Value added tax identification number in accordance with \u00a7 27 a of the Value Added Tax Act:<br> DE290209303<\/p>\n\n<h2>Editorially responsible<\/h2>\n<p>Reemt Windmann<br> Magdalene-Schoch Stra\u00dfe 5 (TGZ)<br> 97074 W\u00fcrzburg<\/p>\n\n<h2>EU dispute resolution<\/h2>\n<p>The European Commission provides a platform for online dispute resolution (OS): <a href=\"https:\/\/ec.europa.eu\/consumers\/odr\/\" target=\"_blank\" rel=\"noopener noreferrer\">https:\/\/ec.europa.eu\/consumers\/odr\/.<\/a><br> You can find our e-mail address in the legal notice above.<\/p>\n\n<h2>Consumer dispute resolution\/universal arbitration board<\/h2>\n<p>We are not willing or obliged to participate in dispute resolution proceedings before a consumer arbitration board.<\/p>\n\n\t\t\t\t<\/div>\n\t\t\t\t<div class=\"elementor-element elementor-element-2869eb4 elementor-widget elementor-widget-html\" data-id=\"2869eb4\" data-element_type=\"widget\" data-widget_type=\"html.default\">\n\t\t\t\t\t<h2>Design and Technical Implementation<\/h2>\n<p>\n  <strong>Leadpeak GmbH<\/strong><br>\n  Authorized Representatives:<br>\n  Reemt Windmann, Norma Jeising<br>\n  Magdalene Schoch Street 5<br>\n  97074 W\u00fcrzburg<br>\n  Phone Number: 0931 80 99 88 99<br>\n  Email: <a href=\"mailto:info@leadpeak.me\">info@leadpeak.me<\/a><br>\n  Website: <a href=\"http:\/\/www.leadpeak.me\" target=\"_blank\">www.leadpeak.me<\/a>\n<\/p>\t\t\t\t<\/div>\n\t\t\t\t<div class=\"elementor-element elementor-element-b1d6983 elementor-widget elementor-widget-heading\" data-id=\"b1d6983\" data-element_type=\"widget\" data-widget_type=\"heading.default\">\n\t\t\t\t\t<h1 class=\"elementor-heading-title elementor-size-default\">Picture credits<\/h1>\t\t\t\t<\/div>\n\t\t\t\t<div class=\"elementor-element elementor-element-d0c906c elementor-widget elementor-widget-text-editor\" data-id=\"d0c906c\" data-element_type=\"widget\" data-widget_type=\"text-editor.default\">\n\t\t\t\t\t\t\t\t\t<p><strong>&#8220;Magazine:<\/strong><\/p>\n<p>Source: \u00a9 iStockphoto.com Stock file ID 1791175794 Author:in Jacob Wackerhausen<br \/>Source: \u00a9 iStockphoto.com Stock File ID 1492580109 Author:in sorbetto<br \/>Source: \u00a9 iStockphoto.com Stock File ID 1248867359 Author:in Blue Planet Studio<br \/>Source: \u00a9 iStockphoto.com Stock File ID 1367488224 Author:in AndreyPopov<br \/>Source: \u00a9 iStockphoto.com Stock File ID 1603510815 Author:in designer491<br \/>Source: \u00a9 iStockphoto.com Stock file ID 1339729895 Author:in Dima Berlin<br \/>Source: \u00a9 iStockphoto.com Stock file ID 1392114708 Author:in AleksandarNakic<br \/>Source: \u00a9 iStockphoto.com Stock File ID 1307234281 Author:in :Pekic<br \/>Source: \u00a9 iStockphoto.com Stock file ID 1479747274 Author:in Vectorian<br \/>Source: \u00a9 iStockphoto.com Stock file ID 1198120726 Author:in chaofann<br \/>Source: \u00a9 iStockphoto.com Stock file ID 1384886677 Author:in Olga Kurbatova<br \/>Source: \u00a9 iStockphoto.com Stock file ID 1425102845 Author:in cagkansayin<br \/>Source: \u00a9 iStockphoto.com Stock file ID 603859690 Author:in Weekend Images Inc.<br \/>Source: \u00a9 iStockphoto.com Stock File ID 1138844016 Author:in golero<br \/>Source: \u00a9 iStockphoto.com Stock File ID 1334949135 Author:in marchmeena29<br \/>Source: \u00a9 iStockphoto.com Stock File ID 1517185067 Author:in AlexSecret<br \/>Source: \u00a9 iStockphoto.com Stock file ID 1348063575 Author:in enigma_images<br \/>Source: \u00a9 iStockphoto.com Stock File ID 1312096112 Author:in erdikocak<br \/>Source: \u00a9 iStockphoto.com Stock File ID 1474751544 Author:in KTStock<br \/>Source: \u00a9 iStockphoto.com Stock File ID 1394630899 Author:in AndreyPopov<br \/>Source: \u00a9 iStockphoto.com Stock File ID 1297770144 Author:in Ong-ad Nuseewor<br \/>Source: \u00a9 iStockphoto.com Stock File ID 1448317558 Author:in anyaberkut<br \/>Source: \u00a9 iStockphoto.com Stock File ID 1448592396 Author:in MicroStockHub<br \/>Source: \u00a9 iStockphoto.com Stock File ID 1201069511 Author:in marchmeena29<br \/>Source: \u00a9 iStockphoto.com Stock File ID 1208411337 Author:in HAKINMHAN<br \/>Source: \u00a9 iStockphoto.com Stock File ID 1385970223 Author:in andresr<br \/>Source: \u00a9 iStockphoto.com Stock File ID 1609592194 Author:in SARINYAPINNGAM<br \/>Source: \u00a9 iStockphoto.com Stock File ID 1569285773 Author:in Thx4Stock<\/p>\n\t\t\t\t\t\t\t\t<\/div>\n\t\t\t\t<div class=\"elementor-element elementor-element-39eedb1 elementor-widget elementor-widget-text-editor\" data-id=\"39eedb1\" data-element_type=\"widget\" data-widget_type=\"text-editor.default\">\n\t\t\t\t\t\t\t\t\t<p><strong>&#8220;Home page&#8221;:<\/strong><\/p>\n<p>Source: \u00a9 iStockphoto.com Stock File ID 1969411671 Author:in zamrznutitonovi<\/p>\n\t\t\t\t\t\t\t\t<\/div>\n\t\t\t\t\t<\/div>\n\t\t\t\t<\/div>\n\t\t\t\t<\/div>\n\t\t","protected":false},"excerpt":{"rendered":"<p>Imprint Leadpeak GmbH Magdalene-Schoch-Stra\u00dfe 5 97074 W\u00fcrzburg Commercial register: HRB 13675 Register court: W\u00fcrzburg Local Court Represented by: Reemt Windmann, Norma Jeising Contact us Phone: +49 931 80 99 88 99 E-mail: info@leadpeak.me Sales tax ID Value added tax identification number in accordance with \u00a7 27 a of the Value Added Tax Act: DE290209303 Editorially [&hellip;]<\/p>\n","protected":false},"author":1,"featured_media":0,"parent":0,"menu_order":0,"comment_status":"closed","ping_status":"closed","template":"","meta":{"_acf_changed":false,"_seopress_robots_primary_cat":"","_seopress_titles_title":"Imprint - Leadpeak\u00ae a trademark of Homepage Lieferanten GmbH","_seopress_titles_desc":"","_seopress_robots_index":"yes","footnotes":""},"categories":[],"class_list":["post-34430","page","type-page","status-publish","hentry"],"acf":[],"_links":{"self":[{"href":"https:\/\/leadpeak.me\/en\/wp-json\/wp\/v2\/pages\/34430","targetHints":{"allow":["GET"]}}],"collection":[{"href":"https:\/\/leadpeak.me\/en\/wp-json\/wp\/v2\/pages"}],"about":[{"href":"https:\/\/leadpeak.me\/en\/wp-json\/wp\/v2\/types\/page"}],"author":[{"embeddable":true,"href":"https:\/\/leadpeak.me\/en\/wp-json\/wp\/v2\/users\/1"}],"replies":[{"embeddable":true,"href":"https:\/\/leadpeak.me\/en\/wp-json\/wp\/v2\/comments?post=34430"}],"version-history":[{"count":9,"href":"https:\/\/leadpeak.me\/en\/wp-json\/wp\/v2\/pages\/34430\/revisions"}],"predecessor-version":[{"id":38223,"href":"https:\/\/leadpeak.me\/en\/wp-json\/wp\/v2\/pages\/34430\/revisions\/38223"}],"wp:attachment":[{"href":"https:\/\/leadpeak.me\/en\/wp-json\/wp\/v2\/media?parent=34430"}],"wp:term":[{"taxonomy":"category","embeddable":true,"href":"https:\/\/leadpeak.me\/en\/wp-json\/wp\/v2\/categories?post=34430"}],"curies":[{"name":"wp","href":"https:\/\/api.w.org\/{rel}","templated":true}]}}